{"id":9259,"date":"2026-05-12T16:24:54","date_gmt":"2026-05-12T16:24:54","guid":{"rendered":"https:\/\/hogarortigosa.org\/?page_id=9259"},"modified":"2026-05-12T19:40:04","modified_gmt":"2026-05-12T19:40:04","slug":"realizar-donativo","status":"publish","type":"page","link":"https:\/\/hogarortigosa.org\/en\/realizar-donativo\/","title":{"rendered":"Realizar Donativo"},"content":{"rendered":"<div class=\"vc_row wpb_row vc_row-fluid vc_row-o-equal-height vc_row-o-content-top vc_row-flex\"><div class=\"wpb_column vc_column_container vc_col-sm-12 vc_col-has-fill\"><div class=\"vc_column-inner vc_custom_1588021543139\"><div class=\"wpb_wrapper\"><div class=\"vc_row wpb_row vc_inner vc_row-fluid\"><div class=\"wpb_column vc_column_container vc_col-sm-12\"><div class=\"vc_column-inner\"><div class=\"wpb_wrapper\">\r<!-- rt-cf7 -->\r<div class=\"radiant-contact-form rt88dcd7d0f1ec7d6 element-one \"  >\n<div class=\"wpcf7 no-js\" id=\"wpcf7-f9263-o1\" lang=\"es-MX\" dir=\"ltr\" data-wpcf7-id=\"9263\">\n<div class=\"screen-reader-response\"><p role=\"status\" aria-live=\"polite\" aria-atomic=\"true\"><\/p> <ul><\/ul><\/div>\n<form action=\"\/en\/wp-json\/wp\/v2\/pages\/9259#wpcf7-f9263-o1\" method=\"post\" class=\"wpcf7-form init\" aria-label=\"Formulario de contacto\" novalidate=\"novalidate\" data-status=\"init\">\n<fieldset class=\"hidden-fields-container\"><input type=\"hidden\" name=\"_wpcf7\" value=\"9263\" \/><input type=\"hidden\" name=\"_wpcf7_version\" value=\"6.1.5\" \/><input type=\"hidden\" name=\"_wpcf7_locale\" value=\"es_MX\" \/><input type=\"hidden\" name=\"_wpcf7_unit_tag\" value=\"wpcf7-f9263-o1\" \/><input type=\"hidden\" name=\"_wpcf7_container_post\" value=\"0\" \/><input type=\"hidden\" name=\"_wpcf7_posted_data_hash\" value=\"\" \/>\n<\/fieldset>\n<div class=\"donativo-form\">\n\t<div class=\"donativo-header\">\n\t\t<h3>Registro de Donativo\n\t\t<\/h3>\n\t\t<p>Gracias por apoyar a Hogar Ortigosa. Completa tus datos para registrar tu donativo.\n\t\t<\/p>\n\t<\/div>\n\t<div class=\"donativo-section\">\n\t\t<h4>Datos del donante\n\t\t<\/h4>\n\t\t<div class=\"donativo-grid\">\n\t\t\t<div class=\"form-row\">\n\t\t\t\t<p><label>Nombre completo<\/label><br \/>\n<span class=\"wpcf7-form-control-wrap\" data-name=\"nombre-completo\"><input size=\"40\" maxlength=\"400\" class=\"wpcf7-form-control wpcf7-text wpcf7-validates-as-required\" aria-required=\"true\" aria-invalid=\"false\" placeholder=\"Ej. Juan P\u00e9rez Garc\u00eda\" value=\"\" type=\"text\" name=\"nombre-completo\" \/><\/span>\n\t\t\t\t<\/p>\n\t\t\t<\/div>\n\t\t\t<div class=\"form-row\">\n\t\t\t\t<p><label>Correo electr\u00f3nico<\/label><br \/>\n<span class=\"wpcf7-form-control-wrap\" data-name=\"correo-electronico\"><input size=\"40\" maxlength=\"400\" class=\"wpcf7-form-control wpcf7-email wpcf7-validates-as-required wpcf7-text wpcf7-validates-as-email\" aria-required=\"true\" aria-invalid=\"false\" placeholder=\"correo@ejemplo.com\" value=\"\" type=\"email\" name=\"correo-electronico\" \/><\/span>\n\t\t\t\t<\/p>\n\t\t\t<\/div>\n\t\t\t<div class=\"form-row\">\n\t\t\t\t<p><label>Tel\u00e9fono<\/label><br \/>\n<span class=\"wpcf7-form-control-wrap\" data-name=\"telefono\"><input size=\"40\" maxlength=\"400\" class=\"wpcf7-form-control wpcf7-tel wpcf7-validates-as-required wpcf7-text wpcf7-validates-as-tel\" aria-required=\"true\" aria-invalid=\"false\" placeholder=\"Ej. 81 1234 5678\" value=\"\" type=\"tel\" name=\"telefono\" \/><\/span>\n\t\t\t\t<\/p>\n\t\t\t<\/div>\n\t\t\t<div class=\"form-row\">\n\t\t\t\t<p><label>Tipo de donativo<\/label><br \/>\n<span class=\"wpcf7-form-control-wrap\" data-name=\"tipo-donativo\"><span class=\"wpcf7-form-control wpcf7-radio\"><span class=\"wpcf7-list-item first\"><label><input type=\"radio\" name=\"tipo-donativo\" value=\"\u00danico\" checked=\"checked\" \/><span class=\"wpcf7-list-item-label\">\u00danico<\/span><\/label><\/span><span class=\"wpcf7-list-item last\"><label><input type=\"radio\" name=\"tipo-donativo\" value=\"Mensual\" \/><span class=\"wpcf7-list-item-label\">Mensual<\/span><\/label><\/span><\/span><\/span>\n\t\t\t\t<\/p>\n\t\t\t<\/div>\n\t\t<\/div>\n\t<\/div>\n\t<div class=\"donativo-section\">\n\t\t<h4>Informaci\u00f3n del donativo\n\t\t<\/h4>\n\t\t<div class=\"donativo-grid\">\n\t\t\t<div class=\"monto-wrapper\">\n\t\t\t\t<p><label>Monto del donativo<\/label>\n\t\t\t\t<\/p>\n\t\t\t\t<p><span class=\"wpcf7-form-control-wrap\" data-name=\"monto-donativo\"><select class=\"wpcf7-form-control wpcf7-select wpcf7-validates-as-required\" id=\"montoDonativo\" aria-required=\"true\" aria-invalid=\"false\" name=\"monto-donativo\"><option value=\"\">Selecciona un monto<\/option><option value=\"$200 MXN\">$200 MXN<\/option><option value=\"$400 MXN\">$400 MXN<\/option><option value=\"$600 MXN\">$600 MXN<\/option><option value=\"$800 MXN\">$800 MXN<\/option><option value=\"$1,000 MXN\">$1,000 MXN<\/option><option value=\"$2,000 MXN\">$2,000 MXN<\/option><option value=\"$3,000 MXN\">$3,000 MXN<\/option><option value=\"$5,000 MXN\">$5,000 MXN<\/option><option value=\"Otra cantidad\">Otra cantidad<\/option><\/select><\/span>\n\t\t\t\t<\/p>\n\t\t\t<\/div>\n\t\t\t<div id=\"otraCantidadField\" class=\"form-row otra-cantidad-field\" style=\"display:none;\">\n\t\t\t\t<p><label>Escribe la cantidad<\/label><span class=\"wpcf7-form-control-wrap\" data-name=\"otra-cantidad\"><input size=\"40\" maxlength=\"400\" class=\"wpcf7-form-control wpcf7-text\" aria-invalid=\"false\" placeholder=\"$ Ingresa la cantidad deseada\" value=\"\" type=\"text\" name=\"otra-cantidad\" \/><\/span>\n\t\t\t\t<\/p>\n\t\t\t<\/div>\n\t\t\t<div class=\"form-row\">\n\t\t\t\t<p><label>Forma de cargo<\/label><span class=\"wpcf7-form-control-wrap\" data-name=\"forma-cargo\"><select class=\"wpcf7-form-control wpcf7-select wpcf7-validates-as-required\" aria-required=\"true\" aria-invalid=\"false\" name=\"forma-cargo\"><option value=\"\">Selecciona una opci\u00f3n<\/option><option value=\"Tarjeta de Cr\u00e9dito\">Tarjeta de Cr\u00e9dito<\/option><option value=\"Tarjeta de D\u00e9bito\">Tarjeta de D\u00e9bito<\/option><option value=\"American Express\">American Express<\/option><option value=\"Cuenta de Cheques\">Cuenta de Cheques<\/option><\/select><\/span>\n\t\t\t\t<\/p>\n\t\t\t<\/div>\n\t\t\t<div class=\"form-row tarjeta-field\">\n\t\t\t\t<p><label>Banco<\/label>\n\t\t\t\t<\/p>\n\t\t\t\t<div class=\"tarjeta-input-wrapper\">\n\t\t\t\t\t<p><span class=\"wpcf7-form-control-wrap\" data-name=\"numero-tarjeta\"><input size=\"40\" maxlength=\"400\" minlength=\"16\" class=\"wpcf7-form-control wpcf7-text wpcf7-validates-as-required tarjeta-input\" aria-required=\"true\" aria-invalid=\"false\" placeholder=\"1234 1234 1234 1234\" value=\"\" type=\"text\" name=\"numero-tarjeta\" \/><\/span>\n\t\t\t\t\t<\/p>\n\t\t\t\t\t<div class=\"tarjeta-logo\">\n\t\t\t\t\t\t<p><img decoding=\"async\" src=\"https:\/\/hogarortigosa.org\/wp-content\/uploads\/2026\/05\/logo-banco.png\" alt=\"Tarjeta bancaria\" \/>\n\t\t\t\t\t\t<\/p>\n\t\t\t\t\t<\/div>\n\t\t\t\t<\/div>\n\t\t\t<\/div>\n\t\t\t<div class=\"form-row\">\n\t\t\t\t<p><label>\u00bfRequiere recibo deducible?<\/label><span class=\"wpcf7-form-control-wrap\" data-name=\"deducible\"><span class=\"wpcf7-form-control wpcf7-radio\"><span class=\"wpcf7-list-item first\"><label><input type=\"radio\" name=\"deducible\" value=\"S\u00ed\" \/><span class=\"wpcf7-list-item-label\">S\u00ed<\/span><\/label><\/span><span class=\"wpcf7-list-item last\"><label><input type=\"radio\" name=\"deducible\" value=\"No\" checked=\"checked\" \/><span class=\"wpcf7-list-item-label\">No<\/span><\/label><\/span><\/span><\/span>\n\t\t\t\t<\/p>\n\t\t\t<\/div>\n\t\t<\/div>\n\t<\/div>\n\t<div class=\"donativo-section\">\n\t\t<h4>Comentarios adicionales\n\t\t<\/h4>\n\t\t<div class=\"form-row\">\n\t\t\t<p><span class=\"wpcf7-form-control-wrap\" data-name=\"comentarios\"><textarea cols=\"40\" rows=\"10\" maxlength=\"2000\" class=\"wpcf7-form-control wpcf7-textarea\" aria-invalid=\"false\" placeholder=\"Escribe aqu\u00ed cualquier comentario adicional\" name=\"comentarios\"><\/textarea><\/span>\n\t\t\t<\/p>\n\t\t<\/div>\n\t<\/div>\n\t<div class=\"donativo-privacy\">\n\t\t<p><span class=\"wpcf7-form-control-wrap\" data-name=\"aviso-privacidad\"><span class=\"wpcf7-form-control wpcf7-acceptance\"><span class=\"wpcf7-list-item\"><label><input type=\"checkbox\" name=\"aviso-privacidad\" value=\"1\" aria-invalid=\"false\" \/><span class=\"wpcf7-list-item-label\">Autorizo al Banco Receptor que realice por mi cuenta los pagos por los conceptos que en este documento se detallan, con cargo de cuenta bancaria identificada por el C\u00f3digo Cuenta o n\u00famero de Tarjeta de Cr\u00e9dito indicado al rubro. Convengo que el Banco Receptor queda liberado de toda responsabilidad si el Emisor ejecutara acciones contra m\u00ed, derivados de la Ley o el Contrato que tengan celebrado, y que el Banco Receptor no estar\u00e1 obligado a efectuar ninguna reclamaci\u00f3n al Emisor, ni a interponer recursos de ninguna especie contra multas, sanciones o cobros indebidos, todo lo cual, en caso de ser necesario, ser\u00e1 ejecutado por m\u00ed. El Banco Receptor tampoco ser\u00e1 responsable si el Emisor no entrega oportunamente los comprobantes de servicios, o si los pagos que se realizan extempor\u00e1neamente por razones ajenas al Banco Receptor, el cual tendr\u00e1 absoluta libertad de cancelarme este servicio si en mi cuenta no existieran fondos suficientes para cubrir uno o m\u00e1s de los pagos que requiera el Emisor, o bien, \u00e9ste estuviera bloqueado por alg\u00fan motivo.<\/span><\/label><\/span><\/span><\/span>\n\t\t<\/p>\n\t<\/div>\n\t<div class=\"donativo-submit\">\n\t\t<p><input class=\"wpcf7-form-control wpcf7-submit has-spinner custom-btn-submit\" type=\"submit\" value=\"Enviar registro de donativo\" \/>\n\t\t<\/p>\n\t<\/div>\n<\/div><p style=\"display: none !important;\" class=\"akismet-fields-container\" data-prefix=\"_wpcf7_ak_\"><label>&#916;<textarea name=\"_wpcf7_ak_hp_textarea\" cols=\"45\" rows=\"8\" maxlength=\"100\"><\/textarea><\/label><input type=\"hidden\" id=\"ak_js_1\" name=\"_wpcf7_ak_js\" value=\"76\"\/><script type=\"text\/javascript\">\n\/* <![CDATA[ *\/\ndocument.getElementById( \"ak_js_1\" ).setAttribute( \"value\", ( new Date() ).getTime() );\n\/* ]]> *\/\n<\/script>\n<\/p><div class=\"wpcf7-response-output\" aria-hidden=\"true\"><\/div>\n<\/form>\n<\/div>\n<\/div>\r<!-- rt-cf7 -->\r<\/div><\/div><\/div><\/div>\n\t<div class=\"wpb_raw_code wpb_content_element wpb_raw_html\" >\n\t\t<div class=\"wpb_wrapper\">\n\t\t\t<script>\n(function () {\n  function initOtraCantidad() {\n    const montoSelect = document.querySelector('select[name=\"monto-donativo\"]');\n    const otraCantidadField = document.getElementById('otraCantidadField');\n\n    if (!montoSelect || !otraCantidadField) return;\n\n    function toggleOtraCantidad() {\n      const valor = montoSelect.value.trim();\n\n      if (valor === 'Otra cantidad') {\n        otraCantidadField.style.display = 'block';\n      } else {\n        otraCantidadField.style.display = 'none';\n\n        const inputOtra = otraCantidadField.querySelector('input');\n        if (inputOtra) inputOtra.value = '';\n      }\n    }\n\n    montoSelect.addEventListener('change', toggleOtraCantidad);\n    toggleOtraCantidad();\n  }\n\n  document.addEventListener('DOMContentLoaded', initOtraCantidad);\n  window.addEventListener('load', initOtraCantidad);\n\n  document.addEventListener('wpcf7init', initOtraCantidad);\n})();\n<\/script>\n\t\t<\/div>\n\t<\/div>\n<\/div><\/div><\/div><\/div>\n","protected":false},"excerpt":{"rendered":"Registro de Donativo Gracias por apoyar a Hogar Ortigosa. Completa tus datos para registrar tu donativo. Datos del donante Nombre completo Correo electr\u00f3nico Tel\u00e9fono Tipo de donativo \u00danicoMensual Informaci\u00f3n del donativo Monto del donativo Selecciona un monto$200 MXN$400 MXN$600 MXN$800 MXN$1,000 MXN$2,000 MXN$3,000 MXN$5,000 MXNOtra cantidad Escribe la cantidad Forma de cargoSelecciona una opci\u00f3nTarjeta de [...]","protected":false},"author":1,"featured_media":0,"parent":0,"menu_order":0,"comment_status":"closed","ping_status":"closed","template":"","meta":{"footnotes":""},"class_list":["post-9259","page","type-page","status-publish","hentry"],"_links":{"self":[{"href":"https:\/\/hogarortigosa.org\/en\/wp-json\/wp\/v2\/pages\/9259","targetHints":{"allow":["GET"]}}],"collection":[{"href":"https:\/\/hogarortigosa.org\/en\/wp-json\/wp\/v2\/pages"}],"about":[{"href":"https:\/\/hogarortigosa.org\/en\/wp-json\/wp\/v2\/types\/page"}],"author":[{"embeddable":true,"href":"https:\/\/hogarortigosa.org\/en\/wp-json\/wp\/v2\/users\/1"}],"replies":[{"embeddable":true,"href":"https:\/\/hogarortigosa.org\/en\/wp-json\/wp\/v2\/comments?post=9259"}],"version-history":[{"count":8,"href":"https:\/\/hogarortigosa.org\/en\/wp-json\/wp\/v2\/pages\/9259\/revisions"}],"predecessor-version":[{"id":9277,"href":"https:\/\/hogarortigosa.org\/en\/wp-json\/wp\/v2\/pages\/9259\/revisions\/9277"}],"wp:attachment":[{"href":"https:\/\/hogarortigosa.org\/en\/wp-json\/wp\/v2\/media?parent=9259"}],"curies":[{"name":"wp","href":"https:\/\/api.w.org\/{rel}","templated":true}]}}