{"id":9163,"date":"2026-04-23T20:48:56","date_gmt":"2026-04-23T20:48:56","guid":{"rendered":"https:\/\/hogarortigosa.org\/?page_id=9163"},"modified":"2026-04-23T20:55:58","modified_gmt":"2026-04-23T20:55:58","slug":"como-ayudar-ortigosa","status":"publish","type":"page","link":"https:\/\/hogarortigosa.org\/en\/como-ayudar-ortigosa\/","title":{"rendered":"Como Ayudar"},"content":{"rendered":"<div data-vc-full-width=\"true\" data-vc-full-width-init=\"false\" data-vc-stretch-content=\"true\" class=\"vc_row wpb_row vc_row-fluid breadcumb vc_custom_1592796688313 vc_row-no-padding\"><div class=\"wpb_column vc_column_container vc_col-sm-12\"><div class=\"vc_column-inner vc_custom_1511844595139\"><div class=\"wpb_wrapper\">\n\t<div  class=\"wpb_single_image wpb_content_element vc_align_center   logotipos-header\">\n\t\t\n\t\t<figure class=\"wpb_wrapper vc_figure\">\n\t\t\t<div class=\"vc_single_image-wrapper   vc_box_border_grey\"><img loading=\"lazy\" decoding=\"async\" width=\"2000\" height=\"585\" src=\"https:\/\/hogarortigosa.org\/wp-content\/uploads\/2025\/11\/formacion.jpg\" class=\"vc_single_image-img attachment-full\" alt=\"\" srcset=\"https:\/\/hogarortigosa.org\/wp-content\/uploads\/2025\/11\/formacion.jpg 2000w, https:\/\/hogarortigosa.org\/wp-content\/uploads\/2025\/11\/formacion-300x88.jpg 300w, https:\/\/hogarortigosa.org\/wp-content\/uploads\/2025\/11\/formacion-1024x300.jpg 1024w, https:\/\/hogarortigosa.org\/wp-content\/uploads\/2025\/11\/formacion-768x225.jpg 768w, https:\/\/hogarortigosa.org\/wp-content\/uploads\/2025\/11\/formacion-1536x449.jpg 1536w, https:\/\/hogarortigosa.org\/wp-content\/uploads\/2025\/11\/formacion-18x5.jpg 18w, https:\/\/hogarortigosa.org\/wp-content\/uploads\/2025\/11\/formacion-600x176.jpg 600w\" sizes=\"auto, (max-width: 2000px) 100vw, 2000px\" \/><\/div>\n\t\t<\/figure>\n\t<\/div>\n<\/div><\/div><\/div><\/div><div class=\"vc_row-full-width vc_clearfix\"><\/div><div id=\"ayudar-section\" data-vc-full-width=\"true\" data-vc-full-width-init=\"false\" class=\"vc_row wpb_row vc_row-fluid vc_custom_1587733974677\"><div class=\"wpb_column vc_column_container vc_col-sm-12\"><div class=\"vc_column-inner vc_custom_1512111656566\"><div class=\"wpb_wrapper\"><h2 style=\"text-align: center\" class=\"vc_custom_heading vc_custom_1591189954879\" >HOW TO HELP?<\/h2><div class=\"vc_empty_space  vc_custom_1512115486771\"   style=\"height: 43px\"><span class=\"vc_empty_space_inner\"><\/span><\/div><div class=\"vc_row wpb_row vc_inner vc_row-fluid ayudar-row vc_custom_1756653973046 vc_column-gap-15 vc_row-o-equal-height vc_row-flex\"><div class=\"becas-vida-column wpb_column vc_column_container vc_col-sm-4\" id=\"becas-vida-btn\"><div class=\"vc_column-inner vc_custom_1756653450011\"><div class=\"wpb_wrapper\">\n\t<div class=\"wpb_text_column wpb_content_element  vc_custom_1756653488081\" >\n\t\t<div class=\"wpb_wrapper\">\n\t\t\t<div class=\"ayudar-bloques\">\n<h3>Scholarships<\/h3>\n<h4>for Life<\/h4>\n<p><img decoding=\"async\" src=\"https:\/\/hogarortigosa.org\/wp-content\/uploads\/2025\/08\/Becas_Vida.png\" \/><\/p>\n<p>Full maintenance at the home and studies at the Le\u00f3n Ortigosa School.<\/p>\n<\/div>\n\n\t\t<\/div>\n\t<\/div>\n<\/div><\/div><\/div><div class=\"donativos-especie-column wpb_column vc_column_container vc_col-sm-4\" id=\"donativos-especie-btn\"><div class=\"vc_column-inner vc_custom_1776977714202\"><div class=\"wpb_wrapper\">\n\t<div class=\"wpb_text_column wpb_content_element\" >\n\t\t<div class=\"wpb_wrapper\">\n\t\t\t<div class=\"ayudar-bloques\">\n<h3>Donations<\/h3>\n<h4>in kind<\/h4>\n<p><img decoding=\"async\" src=\"https:\/\/hogarortigosa.org\/wp-content\/uploads\/2025\/08\/Donativos_2.png\" \/><\/p>\n<p>Non-perishable food, school supplies, footwear, personal hygiene items, and facility maintenance.<\/p>\n<\/div>\n\n\t\t<\/div>\n\t<\/div>\n<\/div><\/div><\/div><div class=\"voluntariado-column wpb_column vc_column_container vc_col-sm-4\" id=\"voluntariado-btn\"><div class=\"vc_column-inner vc_custom_1776977746210\"><div class=\"wpb_wrapper\">\n\t<div class=\"wpb_text_column wpb_content_element  vc_custom_1756653500031\" >\n\t\t<div class=\"wpb_wrapper\">\n\t\t\t<div class=\"ayudar-bloques\">\n<h3>Volunteering<\/h3>\n<h4>and social service<\/h4>\n<p><img decoding=\"async\" src=\"https:\/\/hogarortigosa.org\/wp-content\/uploads\/2025\/08\/Voluntariado_2.png\" \/><\/p>\n<p>Time and talent that you can donate to the service of others.<\/p>\n<\/div>\n\n\t\t<\/div>\n\t<\/div>\n<\/div><\/div><\/div><\/div><div class=\"vc_row wpb_row vc_inner vc_row-fluid vc_row-o-equal-height vc_row-o-content-middle vc_row-flex\"><div class=\"wpb_column vc_column_container vc_col-sm-12\"><div class=\"vc_column-inner\"><div class=\"wpb_wrapper\">\n\t<div class=\"wpb_text_column wpb_content_element\" >\n\t\t<div class=\"wpb_wrapper\">\n\t\t\t<div class=\"datos-bancarios\">\n<h3>BANK DETAILS FOR DONATIONS<\/h3>\n<h4>LE\u00d3N ORTIGOSA ABP<\/h4>\n<p>BANK: <strong>Banregio<\/strong><br \/>\nACCOUNT: <strong>021029340011 <\/strong><br \/>\nINTERBANK CLABE: <strong>058580210293400119<\/strong><\/p>\n<div class=\"transferencias-text\">*Transfers from any bank are accepted.<\/div>\n<div class=\"bancos-logos\">\n<div class=\"logo-banco\"><a href=\"https:\/\/www.banregio.com\/\" target=\"_blank\" rel=\"noopener noreferrer\"><img decoding=\"async\" src=\"https:\/\/hogarortigosa.org\/wp-content\/uploads\/2020\/07\/banregio.png\" \/><\/a><\/div>\n<div class=\"logo-banco\"><a href=\"https:\/\/www.santander.com\/es\/home\" target=\"_blank\" rel=\"noopener noreferrer\"><img decoding=\"async\" src=\"https:\/\/hogarortigosa.org\/wp-content\/uploads\/2020\/07\/santander.png\" \/><\/a><\/div>\n<div class=\"logo-banco\"><a href=\"https:\/\/www.bbva.mx\/\" target=\"_blank\" rel=\"noopener noreferrer\"><img decoding=\"async\" src=\"https:\/\/hogarortigosa.org\/wp-content\/uploads\/2020\/07\/bbva.png\" \/><\/a><\/div>\n<div class=\"logo-banco\"><a href=\"https:\/\/www.banamex.com\/\" target=\"_blank\" rel=\"noopener noreferrer\"><img decoding=\"async\" src=\"https:\/\/hogarortigosa.org\/wp-content\/uploads\/2020\/07\/citibanamex.png\" \/><\/a><\/div>\n<div class=\"logo-banco\"><a href=\"https:\/\/www.banorte.com\/\" target=\"_blank\" rel=\"noopener noreferrer\"><img decoding=\"async\" src=\"https:\/\/hogarortigosa.org\/wp-content\/uploads\/2020\/07\/banorte.png\" \/><\/a><\/div>\n<div class=\"logo-banco\"><a href=\"https:\/\/www.hsbc.com.mx\/\" target=\"_blank\" rel=\"noopener noreferrer\"><img decoding=\"async\" src=\"https:\/\/hogarortigosa.org\/wp-content\/uploads\/2020\/07\/hsbc.png\" \/><\/a><\/div>\n<div class=\"logo-banco\"><a href=\"https:\/\/www.scotiabank.com.mx\/\" target=\"_blank\" rel=\"noopener noreferrer\"><img decoding=\"async\" src=\"https:\/\/hogarortigosa.org\/wp-content\/uploads\/2020\/07\/scotiabank.png\" \/><\/a><\/div>\n<\/div>\n<\/div>\n\n\t\t<\/div>\n\t<\/div>\n\n\t<div class=\"wpb_text_column wpb_content_element\" >\n\t\t<div class=\"wpb_wrapper\">\n\t\t\t<div class=\"ayuda-aviso recibo-text\">\n<p>To request a tax-deductible receipt, please send us your deposit or transfer slip. You can contact us at (81) 8345 8787 or by email: <a href=\"\/en\/facturasortigosa@gmail.com\/\">facturasortigosa@gmail.com<\/a><\/p>\n<\/div>\n<div class=\"ayuda-aviso recibo-text separador\">\n<p>Information needed for the deductible receipt:<\/p>\n<ul>\n<li>\u2013 Company name<\/li>\n<li>&#8211; RFC<\/li>\n<li>- Email<\/li>\n<\/ul>\n<\/div>\n\n\t\t<\/div>\n\t<\/div>\n\n\t<div class=\"wpb_text_column wpb_content_element\" >\n\t\t<div class=\"wpb_wrapper\">\n\t\t\t<div class=\"ayuda-aviso\">Change is in your hands! <strong>Your decision makes the difference.<\/strong><\/div>\n\n\t\t<\/div>\n\t<\/div>\n<\/div><\/div><\/div><\/div><\/div><\/div><\/div><\/div><div class=\"vc_row-full-width vc_clearfix\"><\/div>","protected":false},"excerpt":{"rendered":"\u00bfC\u00d3MO AYUDAR? Becas para la Vida Manutencion completa en casa hogar y estudios en el Colegio Le\u00f3n Ortigosa. Donativos en especie Alimentos no perecederos, \u00fatiles escolares, calzado, art\u00edculos de higiene personal y mantenimiento de las instalaciones. Voluntariado y servicio social Tiempo y talento que puedas donar al servicio de los dem\u00e1s. DATOS BANCARIOS PARA DONATIVOS [...]","protected":false},"author":1,"featured_media":0,"parent":0,"menu_order":0,"comment_status":"closed","ping_status":"closed","template":"","meta":{"footnotes":""},"class_list":["post-9163","page","type-page","status-publish","hentry"],"_links":{"self":[{"href":"https:\/\/hogarortigosa.org\/en\/wp-json\/wp\/v2\/pages\/9163","targetHints":{"allow":["GET"]}}],"collection":[{"href":"https:\/\/hogarortigosa.org\/en\/wp-json\/wp\/v2\/pages"}],"about":[{"href":"https:\/\/hogarortigosa.org\/en\/wp-json\/wp\/v2\/types\/page"}],"author":[{"embeddable":true,"href":"https:\/\/hogarortigosa.org\/en\/wp-json\/wp\/v2\/users\/1"}],"replies":[{"embeddable":true,"href":"https:\/\/hogarortigosa.org\/en\/wp-json\/wp\/v2\/comments?post=9163"}],"version-history":[{"count":7,"href":"https:\/\/hogarortigosa.org\/en\/wp-json\/wp\/v2\/pages\/9163\/revisions"}],"predecessor-version":[{"id":9170,"href":"https:\/\/hogarortigosa.org\/en\/wp-json\/wp\/v2\/pages\/9163\/revisions\/9170"}],"wp:attachment":[{"href":"https:\/\/hogarortigosa.org\/en\/wp-json\/wp\/v2\/media?parent=9163"}],"curies":[{"name":"wp","href":"https:\/\/api.w.org\/{rel}","templated":true}]}}