{"id":8405,"date":"2025-08-05T22:58:18","date_gmt":"2025-08-05T22:58:18","guid":{"rendered":"https:\/\/hogarortigosa.org\/?page_id=8405"},"modified":"2026-05-12T22:16:56","modified_gmt":"2026-05-12T22:16:56","slug":"donativos","status":"publish","type":"page","link":"https:\/\/hogarortigosa.org\/en\/donativos\/","title":{"rendered":"Donations"},"content":{"rendered":"<div data-vc-full-width=\"true\" data-vc-full-width-init=\"false\" data-vc-stretch-content=\"true\" class=\"vc_row wpb_row vc_row-fluid breadcumb vc_custom_1592796688313 vc_row-no-padding\"><div class=\"wpb_column vc_column_container vc_col-sm-12\"><div class=\"vc_column-inner vc_custom_1511844595139\"><div class=\"wpb_wrapper\">\n\t<div  class=\"wpb_single_image wpb_content_element vc_align_center   logotipos-header\">\n\t\t\n\t\t<figure class=\"wpb_wrapper vc_figure\">\n\t\t\t<div class=\"vc_single_image-wrapper   vc_box_border_grey\"><img loading=\"lazy\" decoding=\"async\" width=\"2000\" height=\"585\" src=\"https:\/\/hogarortigosa.org\/wp-content\/uploads\/2026\/05\/banner-donativos.png\" class=\"vc_single_image-img attachment-full\" alt=\"\" srcset=\"https:\/\/hogarortigosa.org\/wp-content\/uploads\/2026\/05\/banner-donativos.png 2000w, https:\/\/hogarortigosa.org\/wp-content\/uploads\/2026\/05\/banner-donativos-300x88.png 300w, https:\/\/hogarortigosa.org\/wp-content\/uploads\/2026\/05\/banner-donativos-1024x300.png 1024w, https:\/\/hogarortigosa.org\/wp-content\/uploads\/2026\/05\/banner-donativos-768x225.png 768w, https:\/\/hogarortigosa.org\/wp-content\/uploads\/2026\/05\/banner-donativos-1536x449.png 1536w, https:\/\/hogarortigosa.org\/wp-content\/uploads\/2026\/05\/banner-donativos-18x5.png 18w, https:\/\/hogarortigosa.org\/wp-content\/uploads\/2026\/05\/banner-donativos-600x176.png 600w\" sizes=\"auto, (max-width: 2000px) 100vw, 2000px\" \/><\/div>\n\t\t<\/figure>\n\t<\/div>\n<h2 style=\"color: #27005d;text-align: center\" class=\"vc_custom_heading vc_custom_1778262471854\" >DONATIONS<\/h2><\/div><\/div><\/div><\/div><div class=\"vc_row-full-width vc_clearfix\"><\/div><div class=\"vc_row wpb_row vc_row-fluid donativos-especiales-row\"><div class=\"wpb_column vc_column_container vc_col-sm-12\"><div class=\"vc_column-inner\"><div class=\"wpb_wrapper\">\n\t<div class=\"wpb_raw_code wpb_content_element wpb_raw_html\" >\n\t\t<div class=\"wpb_wrapper\">\n\t\t\t<section class=\"ho-donativos\">\n\n  <div class=\"donation-box\">\n\n    <div class=\"donation-header\">\n\n      <div class=\"donation-intro-modern\">\n\n        <h1>Tu ayuda transforma vidas<\/h1>\n\n        <p class=\"donation-description\">\n          En Casa Hogar Ortigosa brindamos a ni\u00f1as y ni\u00f1os un hogar lleno de amor,\n          cuidado, educaci\u00f3n y esperanza. Con tu donativo podemos seguir acompa\u00f1\u00e1ndoles\n          y ofreci\u00e9ndoles un mejor futuro.\n        <\/p>\n\n        <h3 class=\"payment-title\">\n          Selecciona tu m\u00e9todo de pago\n        <\/h3>\n\n        <div class=\"payment-methods\">\n\n<a href=\"https:\/\/hogarortigosa.org\/en\/realizar-donativo\/\" class=\"payment-method-card payment-method-link\">\n\n            <div class=\"payment-method-icon\">\n              \ud83d\udcb3\n            <\/div>\n\n            <div class=\"payment-method-content\">\n              <strong>Tarjeta<\/strong>\n              <span>D\u00e9bito o cr\u00e9dito<\/span>\n            <\/div>\n\n          <\/a>\n\n          <button class=\"payment-method-card paypal\" type=\"button\" data-payment=\"paypal\">\n\n            <div class=\"payment-method-icon\">\n              \ud83c\udd7f\ufe0f\n            <\/div>\n\n            <div class=\"payment-method-content\">\n              <strong>PayPal<\/strong>\n              <span>Pago \u00fanico o mensual<\/span>\n            <\/div>\n\n          <\/button>\n\n        <\/div>\n\n      <\/div>\n\n    <\/div>\n\n    <!-- PANEL PAYPAL -->\n    <div class=\"paypal-donation-panel\" id=\"paypalPanel\">\n\n      <div class=\"ho-intro-highlights\">\n\n        <div>\n          <strong>100% seguro<\/strong>\n          <span>Pago protegido por PayPal<\/span>\n        <\/div>\n\n        <div>\n          <strong>Deducible<\/strong>\n          <span>Solicita tu recibo deducible a info@hogarortigosa.org<\/span>\n        <\/div>\n\n        <div>\n          <strong>Sin cuenta PayPal<\/strong>\n          <span>Puedes donar con tarjeta como invitado<\/span>\n        <\/div>\n\n      <\/div>\n\n      <p style=\"text-align:center; margin-top:20px;\">\n        Selecciona un monto y contin\u00faa el proceso de pago de forma segura en PayPal.\n      <\/p>\n\n      <!-- TABS -->\n      <div class=\"donation-tabs\">\n\n        <button class=\"donation-tab active\" type=\"button\" data-type=\"monthly\">\n          Donativo mensual\n        <\/button>\n\n        <button class=\"donation-tab\" type=\"button\" data-type=\"single\">\n          Donativo \u00fanico\n        <\/button>\n\n      <\/div>\n\n      <!-- DONATIVO MENSUAL -->\n\n      <!-- DONATIVO MENSUAL -->\n<div class=\"donation-grid donation-options active\" id=\"monthly\">\n\n  <p class=\"ho-kicker\" style=\"grid-column: 1 \/ -1; text-align:center; font-size:14px; color:#6d7c91;\">\n    El cargo se realizar\u00e1 autom\u00e1ticamente cada mes. Puedes cancelar en cualquier momento.\n  <\/p>\n\n  <a href=\"https:\/\/www.paypal.com\/webapps\/billing\/plans\/subscribe?plan_id=P-1D602394T51030104NHXZ7UQ\" target=\"_blank\" class=\"donation-card\">\n    <span>$200 \/ mes<\/span>\n    <small>Apoyo mensual<\/small>\n  <\/a>\n\n  <a href=\"https:\/\/www.paypal.com\/webapps\/billing\/plans\/subscribe?plan_id=P-02F44082XL301363SNHX2DUA\" target=\"_blank\" class=\"donation-card\">\n    <span>$400 \/ mes<\/span>\n    <small>Apoyo mensual<\/small>\n  <\/a>\n\n  <a href=\"https:\/\/www.paypal.com\/webapps\/billing\/plans\/subscribe?plan_id=P-3UV4415721131980ANH665LA\" target=\"_blank\" class=\"donation-card\">\n    <span>$600 \/ mes<\/span>\n    <small>Apoyo mensual<\/small>\n  <\/a>\n\n  <a href=\"https:\/\/www.paypal.com\/webapps\/billing\/plans\/subscribe?plan_id=P-2JC08148UT7661233NH666GY\" target=\"_blank\" class=\"donation-card\">\n    <span>$800 \/ mes<\/span>\n    <small>Apoyo mensual<\/small>\n  <\/a>\n\n  <a href=\"https:\/\/www.paypal.com\/webapps\/billing\/plans\/subscribe?plan_id=P-8BH97698RM414864UNHX2JJQ\" target=\"_blank\" class=\"donation-card\">\n    <span>$1,000 \/ mes<\/span>\n    <small>Apoyo mensual<\/small>\n  <\/a>\n\n  <a href=\"https:\/\/www.paypal.com\/webapps\/billing\/plans\/subscribe?plan_id=P-2GU15105569189811NHX2LYY\" target=\"_blank\" class=\"donation-card\">\n    <span>$2,000 \/ mes<\/span>\n    <small>Apoyo mensual<\/small>\n  <\/a>\n\n  <a href=\"https:\/\/www.paypal.com\/webapps\/billing\/plans\/subscribe?plan_id=P-62D21571N1224042XNH6664Q\" target=\"_blank\" class=\"donation-card\">\n    <span>$3,000 \/ mes<\/span>\n    <small>Apoyo mensual<\/small>\n  <\/a>\n\n  <a href=\"https:\/\/www.paypal.com\/webapps\/billing\/plans\/subscribe?plan_id=P-6WA03624K6737925CNH667UI\" target=\"_blank\" class=\"donation-card\">\n    <span>$5,000 \/ mes<\/span>\n    <small>Apoyo mensual<\/small>\n  <\/a>\n\n  <a href=\"https:\/\/wa.me\/5218115433682\" target=\"_blank\" class=\"donation-card free\">\n    <span>Otra cantidad<\/span>\n    <small>Elige tu monto<\/small>\n  <\/a>\n\n<\/div>\n\n\n     \n\n      <!-- DONATIVO \u00daNICO -->\n        <div class=\"donation-grid donation-options\" id=\"single\">\n\n          <a href=\"https:\/\/www.paypal.com\/ncp\/payment\/X5G9D6NAFE5QU\" target=\"_blank\" class=\"donation-card\">\n            <span>$200<\/span>\n            <small>Donar ahora<\/small>\n          <\/a>\n\n          <a href=\"https:\/\/www.paypal.com\/ncp\/payment\/X55LTBP56F92U\" target=\"_blank\" class=\"donation-card\">\n            <span>$400<\/span>\n            <small>Donar ahora<\/small>\n          <\/a>\n\n          <a href=\"https:\/\/www.paypal.com\/ncp\/payment\/CKTSBEXA3V53N\" target=\"_blank\" class=\"donation-card\">\n            <span>$600<\/span>\n            <small>Donar ahora<\/small>\n          <\/a>\n\n          <a href=\"https:\/\/www.paypal.com\/ncp\/payment\/EP4FXJ9F2AMXE\" target=\"_blank\" class=\"donation-card\">\n            <span>$800<\/span>\n            <small>Donar ahora<\/small>\n          <\/a>\n\n          <a href=\"https:\/\/www.paypal.com\/ncp\/payment\/BN9NM9DWMSK5A\" target=\"_blank\" class=\"donation-card\">\n            <span>$1,000<\/span>\n            <small>Donar ahora<\/small>\n          <\/a>\n\n          <a href=\"https:\/\/www.paypal.com\/ncp\/payment\/E9MPC9EZUS7US\" target=\"_blank\" class=\"donation-card\">\n            <span>$2,000<\/span>\n            <small>Donar ahora<\/small>\n          <\/a>\n\n          <a href=\"https:\/\/www.paypal.com\/ncp\/payment\/RM9N5XZLDZBXW\" target=\"_blank\" class=\"donation-card\">\n            <span>$3,000<\/span>\n            <small>Donar ahora<\/small>\n          <\/a>\n\n          <a href=\"https:\/\/www.paypal.com\/ncp\/payment\/ATXRN57ZG7L5Y\" target=\"_blank\" class=\"donation-card\">\n            <span>$5,000<\/span>\n            <small>Donar ahora<\/small>\n          <\/a>\n\n          <a href=\"https:\/\/www.paypal.com\/ncp\/payment\/74FUZSGWT8CFY\" target=\"_blank\" class=\"donation-card free\">\n            <span>Otra cantidad<\/span>\n            <small>Elige tu monto<\/small>\n          <\/a>\n\n        <\/div>\n\n\n\n      <!-- INVITADO \n      <div class=\"guest-pay-box\">\n\n        <div class=\"guest-icon\">\n          \ud83d\udcb3\n        <\/div>\n\n        <div>\n          <strong>Tambi\u00e9n puedes pagar como invitado<\/strong>\n\n          <p>\n            No necesitas tener una cuenta de PayPal. Al continuar, puedes elegir\n            la opci\u00f3n de pagar con tarjeta de d\u00e9bito o cr\u00e9dito.\n          <\/p>\n        <\/div>\n\n      <\/div>\n      -->\n\n      <!-- FOOTER \n      <div class=\"donation-footer\">\n\n        <p>*Donativo deducible de impuestos<\/p>\n\n        <div class=\"payment\">\n          <img decoding=\"async\" src=\"https:\/\/hogarortigosa.org\/wp-content\/uploads\/2025\/12\/payment.jpg\" \/>\n        <\/div>\n\n      <\/div>\n      -->\n\n\n    <\/div>\n\n  <\/div>\n\n<\/section>\n\t\t<\/div>\n\t<\/div>\n<\/div><\/div><\/div><\/div>","protected":false},"excerpt":{"rendered":"DONATIVOS Tu ayuda transforma vidas En Casa Hogar Ortigosa brindamos a ni\u00f1as y ni\u00f1os un hogar lleno de amor, cuidado, educaci\u00f3n y esperanza. Con tu donativo podemos seguir acompa\u00f1\u00e1ndoles y ofreci\u00e9ndoles un mejor futuro. Selecciona tu m\u00e9todo de pago \ud83d\udcb3 Tarjeta D\u00e9bito o cr\u00e9dito \ud83c\udd7f\ufe0f PayPal Pago \u00fanico o mensual 100% seguro Pago protegido por [...]","protected":false},"author":1,"featured_media":0,"parent":0,"menu_order":0,"comment_status":"closed","ping_status":"closed","template":"","meta":{"footnotes":""},"class_list":["post-8405","page","type-page","status-publish","hentry"],"_links":{"self":[{"href":"https:\/\/hogarortigosa.org\/en\/wp-json\/wp\/v2\/pages\/8405","targetHints":{"allow":["GET"]}}],"collection":[{"href":"https:\/\/hogarortigosa.org\/en\/wp-json\/wp\/v2\/pages"}],"about":[{"href":"https:\/\/hogarortigosa.org\/en\/wp-json\/wp\/v2\/types\/page"}],"author":[{"embeddable":true,"href":"https:\/\/hogarortigosa.org\/en\/wp-json\/wp\/v2\/users\/1"}],"replies":[{"embeddable":true,"href":"https:\/\/hogarortigosa.org\/en\/wp-json\/wp\/v2\/comments?post=8405"}],"version-history":[{"count":61,"href":"https:\/\/hogarortigosa.org\/en\/wp-json\/wp\/v2\/pages\/8405\/revisions"}],"predecessor-version":[{"id":9290,"href":"https:\/\/hogarortigosa.org\/en\/wp-json\/wp\/v2\/pages\/8405\/revisions\/9290"}],"wp:attachment":[{"href":"https:\/\/hogarortigosa.org\/en\/wp-json\/wp\/v2\/media?parent=8405"}],"curies":[{"name":"wp","href":"https:\/\/api.w.org\/{rel}","templated":true}]}}