{"id":8254,"date":"2025-01-26T23:03:25","date_gmt":"2025-01-26T23:03:25","guid":{"rendered":"https:\/\/hogarortigosa.org\/?page_id=8254"},"modified":"2025-11-07T00:27:33","modified_gmt":"2025-11-07T00:27:33","slug":"equipo-operativo","status":"publish","type":"page","link":"https:\/\/hogarortigosa.org\/en\/equipo-operativo\/","title":{"rendered":"Operational team"},"content":{"rendered":"<div data-vc-full-width=\"true\" data-vc-full-width-init=\"false\" data-vc-stretch-content=\"true\" class=\"vc_row wpb_row vc_row-fluid breadcumb vc_custom_1592796688313 vc_row-no-padding\"><div class=\"wpb_column vc_column_container vc_col-sm-12\"><div class=\"vc_column-inner vc_custom_1511844595139\"><div class=\"wpb_wrapper\">\n\t<div  class=\"wpb_single_image wpb_content_element vc_align_center   logotipos-header\">\n\t\t\n\t\t<figure class=\"wpb_wrapper vc_figure\">\n\t\t\t<div class=\"vc_single_image-wrapper   vc_box_border_grey\"><img loading=\"lazy\" decoding=\"async\" width=\"2000\" height=\"585\" src=\"https:\/\/hogarortigosa.org\/wp-content\/uploads\/2025\/11\/IMG_1321.jpg\" class=\"vc_single_image-img attachment-full\" alt=\"\" srcset=\"https:\/\/hogarortigosa.org\/wp-content\/uploads\/2025\/11\/IMG_1321.jpg 2000w, https:\/\/hogarortigosa.org\/wp-content\/uploads\/2025\/11\/IMG_1321-300x88.jpg 300w, https:\/\/hogarortigosa.org\/wp-content\/uploads\/2025\/11\/IMG_1321-1024x300.jpg 1024w, https:\/\/hogarortigosa.org\/wp-content\/uploads\/2025\/11\/IMG_1321-768x225.jpg 768w, https:\/\/hogarortigosa.org\/wp-content\/uploads\/2025\/11\/IMG_1321-1536x449.jpg 1536w, https:\/\/hogarortigosa.org\/wp-content\/uploads\/2025\/11\/IMG_1321-18x5.jpg 18w, https:\/\/hogarortigosa.org\/wp-content\/uploads\/2025\/11\/IMG_1321-600x176.jpg 600w\" sizes=\"auto, (max-width: 2000px) 100vw, 2000px\" \/><\/div>\n\t\t<\/figure>\n\t<\/div>\n<h5 style=\"font-size: 70px;color: #27005d;text-align: center\" class=\"vc_custom_heading vc_custom_1737932868670\" >OPERATING TEAM<\/h5><\/div><\/div><\/div><\/div><div class=\"vc_row-full-width vc_clearfix\"><\/div><section id=\"patronato-section\" class=\"vc_section patronato-section equipo-section text-center\"><div class=\"vc_row wpb_row vc_row-fluid\"><div class=\"wpb_column vc_column_container vc_col-sm-6\"><div class=\"vc_column-inner\"><div class=\"wpb_wrapper\">\n\t<div class=\"wpb_text_column wpb_content_element\" >\n\t\t<div class=\"wpb_wrapper\">\n\t\t\t<div class=\"acerca-text mision-text patronato-text\">\n<h3>LINK Board of Trustees<\/h3>\n<p>Mayerling Richo M\u00e1tar\n<\/p><\/div>\n\n\t\t<\/div>\n\t<\/div>\n<\/div><\/div><\/div><div class=\"wpb_column vc_column_container vc_col-sm-6\"><div class=\"vc_column-inner\"><div class=\"wpb_wrapper\">\n\t<div class=\"wpb_text_column wpb_content_element\" >\n\t\t<div class=\"wpb_wrapper\">\n\t\t\t<div class=\"acerca-text mision-text patronato-text\">\n<h3>General Management<\/h3>\n<p>Mar\u00eda Bacilisa Mendivil Ur\u00edas\n<\/p><\/div>\n\n\t\t<\/div>\n\t<\/div>\n<\/div><\/div><\/div><\/div><div class=\"vc_row wpb_row vc_row-fluid\"><div class=\"wpb_column vc_column_container vc_col-sm-3\"><div class=\"vc_column-inner\"><div class=\"wpb_wrapper\">\n\t<div class=\"wpb_text_column wpb_content_element\" >\n\t\t<div class=\"wpb_wrapper\">\n\t\t\t<div class=\"acerca-text mision-text patronato-text\">\n<h3>ADMINISTRATION<\/h3>\n<p>Zenaida Santiago Domingo\n<\/p><\/div>\n\n\t\t<\/div>\n\t<\/div>\n<\/div><\/div><\/div><div class=\"wpb_column vc_column_container vc_col-sm-3\"><div class=\"vc_column-inner\"><div class=\"wpb_wrapper\">\n\t<div class=\"wpb_text_column wpb_content_element\" >\n\t\t<div class=\"wpb_wrapper\">\n\t\t\t<div class=\"acerca-text mision-text patronato-text\">\n<h3>PROXY<\/h3>\n<p>Mar\u00eda Alicia Calder\u00f3n Torres\n<\/p><\/div>\n\n\t\t<\/div>\n\t<\/div>\n<\/div><\/div><\/div><div class=\"wpb_column vc_column_container vc_col-sm-3\"><div class=\"vc_column-inner\"><div class=\"wpb_wrapper\">\n\t<div class=\"wpb_text_column wpb_content_element\" >\n\t\t<div class=\"wpb_wrapper\">\n\t\t\t<div class=\"acerca-text mision-text patronato-text\">\n<h3>SCHOOL ADMINISTRATION<\/h3>\n<p>Elia Ver\u00f3nica Mendoza Lim\u00f3n\n<\/p><\/div>\n\n\t\t<\/div>\n\t<\/div>\n<\/div><\/div><\/div><div class=\"wpb_column vc_column_container vc_col-sm-3\"><div class=\"vc_column-inner\"><div class=\"wpb_wrapper\">\n\t<div class=\"wpb_text_column wpb_content_element\" >\n\t\t<div class=\"wpb_wrapper\">\n\t\t\t<div class=\"acerca-text mision-text patronato-text\">\n<h3>Children's Home Administration<\/h3>\n<p>Mar\u00eda Petra De Jes\u00fas Balderas\n<\/p><\/div>\n\n\t\t<\/div>\n\t<\/div>\n<\/div><\/div><\/div><\/div><div class=\"vc_row wpb_row vc_row-fluid\"><div class=\"wpb_column vc_column_container vc_col-sm-4\"><div class=\"vc_column-inner\"><div class=\"wpb_wrapper\">\n\t<div class=\"wpb_text_column wpb_content_element\" >\n\t\t<div class=\"wpb_wrapper\">\n\t\t\t<div class=\"acerca-text mision-text patronato-text\">\n<h3>PRESCHOOL ADMINISTRATION<\/h3>\n<p>Roc\u00edo Berenice Lozano Del Bosque\n<\/p><\/div>\n\n\t\t<\/div>\n\t<\/div>\n<\/div><\/div><\/div><div class=\"wpb_column vc_column_container vc_col-sm-4\"><div class=\"vc_column-inner\"><div class=\"wpb_wrapper\">\n\t<div class=\"wpb_text_column wpb_content_element\" >\n\t\t<div class=\"wpb_wrapper\">\n\t\t\t<div class=\"acerca-text mision-text patronato-text\">\n<h3>PRIMARY ADDRESS<\/h3>\n<p>Alma Yadira Garza Cisneros\n<\/p><\/div>\n\n\t\t<\/div>\n\t<\/div>\n<\/div><\/div><\/div><div class=\"wpb_column vc_column_container vc_col-sm-4\"><div class=\"vc_column-inner\"><div class=\"wpb_wrapper\">\n\t<div class=\"wpb_text_column wpb_content_element\" >\n\t\t<div class=\"wpb_wrapper\">\n\t\t\t<div class=\"acerca-text mision-text patronato-text\">\n<h3>SECONDARY ADDRESS<\/h3>\n<p>Dora Mar\u00eda Flores Aguil\u00f3n\n<\/p><\/div>\n\n\t\t<\/div>\n\t<\/div>\n<\/div><\/div><\/div><\/div><\/section>","protected":false},"excerpt":{"rendered":"EQUIPO OPERATIVO ENLACE Patronato Mayerling Richo M\u00e1tar Direcci\u00f3n General Mar\u00eda Bacilisa Mendivil Ur\u00edas ADMINISTRACI\u00d3N Zenaida Santiago Domingo PROCURACI\u00d3N Mar\u00eda Alicia Calder\u00f3n Torres Direcci\u00f3n Escolar Elia Ver\u00f3nica Mendoza Lim\u00f3n COORDINACI\u00d3N CASA HOGAR Mar\u00eda Petra De Jes\u00fas Balderas DIRECCI\u00d3N PREESCOLAR Roc\u00edo Berenice Lozano Del Bosque DIRECCI\u00d3N PRIMARIA Alma Yadira Garza Cisneros DIRECCI\u00d3N SECUNDARIA Dora Mar\u00eda Flores Aguil\u00f3n","protected":false},"author":1,"featured_media":0,"parent":0,"menu_order":0,"comment_status":"closed","ping_status":"closed","template":"","meta":{"footnotes":""},"class_list":["post-8254","page","type-page","status-publish","hentry"],"_links":{"self":[{"href":"https:\/\/hogarortigosa.org\/en\/wp-json\/wp\/v2\/pages\/8254","targetHints":{"allow":["GET"]}}],"collection":[{"href":"https:\/\/hogarortigosa.org\/en\/wp-json\/wp\/v2\/pages"}],"about":[{"href":"https:\/\/hogarortigosa.org\/en\/wp-json\/wp\/v2\/types\/page"}],"author":[{"embeddable":true,"href":"https:\/\/hogarortigosa.org\/en\/wp-json\/wp\/v2\/users\/1"}],"replies":[{"embeddable":true,"href":"https:\/\/hogarortigosa.org\/en\/wp-json\/wp\/v2\/comments?post=8254"}],"version-history":[{"count":13,"href":"https:\/\/hogarortigosa.org\/en\/wp-json\/wp\/v2\/pages\/8254\/revisions"}],"predecessor-version":[{"id":9084,"href":"https:\/\/hogarortigosa.org\/en\/wp-json\/wp\/v2\/pages\/8254\/revisions\/9084"}],"wp:attachment":[{"href":"https:\/\/hogarortigosa.org\/en\/wp-json\/wp\/v2\/media?parent=8254"}],"curies":[{"name":"wp","href":"https:\/\/api.w.org\/{rel}","templated":true}]}}