{"id":8220,"date":"2025-01-26T22:31:52","date_gmt":"2025-01-26T22:31:52","guid":{"rendered":"https:\/\/hogarortigosa.org\/?page_id=8220"},"modified":"2025-11-07T00:26:43","modified_gmt":"2025-11-07T00:26:43","slug":"patronato","status":"publish","type":"page","link":"https:\/\/hogarortigosa.org\/en\/patronato\/","title":{"rendered":"Patronage"},"content":{"rendered":"<div data-vc-full-width=\"true\" data-vc-full-width-init=\"false\" data-vc-stretch-content=\"true\" class=\"vc_row wpb_row vc_row-fluid breadcumb vc_custom_1592796688313 vc_row-no-padding\"><div class=\"wpb_column vc_column_container vc_col-sm-12\"><div class=\"vc_column-inner vc_custom_1511844595139\"><div class=\"wpb_wrapper\">\n\t<div  class=\"wpb_single_image wpb_content_element vc_align_center   logotipos-header\">\n\t\t\n\t\t<figure class=\"wpb_wrapper vc_figure\">\n\t\t\t<div class=\"vc_single_image-wrapper   vc_box_border_grey\"><img loading=\"lazy\" decoding=\"async\" width=\"1536\" height=\"449\" src=\"https:\/\/hogarortigosa.org\/wp-content\/uploads\/2025\/01\/patronatos.jpg\" class=\"vc_single_image-img attachment-full\" alt=\"\" srcset=\"https:\/\/hogarortigosa.org\/wp-content\/uploads\/2025\/01\/patronatos.jpg 1536w, https:\/\/hogarortigosa.org\/wp-content\/uploads\/2025\/01\/patronatos-300x88.jpg 300w, https:\/\/hogarortigosa.org\/wp-content\/uploads\/2025\/01\/patronatos-1024x299.jpg 1024w, https:\/\/hogarortigosa.org\/wp-content\/uploads\/2025\/01\/patronatos-768x225.jpg 768w\" sizes=\"auto, (max-width: 1536px) 100vw, 1536px\" \/><\/div>\n\t\t<\/figure>\n\t<\/div>\n<h5 style=\"font-size: 70px;color: #27005d;text-align: center\" class=\"vc_custom_heading vc_custom_1737931031408\" >PATRONAGE<\/h5><\/div><\/div><\/div><\/div><div class=\"vc_row-full-width vc_clearfix\"><\/div><div id=\"patronato-section\" data-vc-full-width=\"true\" data-vc-full-width-init=\"false\" class=\"vc_row wpb_row vc_row-fluid patronato-section vc_custom_1737932362314 vc_row-has-fill vc_row-o-equal-height vc_row-o-content-middle vc_row-flex\"><div class=\"wpb_column vc_column_container vc_col-sm-6\"><div class=\"vc_column-inner vc_custom_1511844595139\"><div class=\"wpb_wrapper\">\n\t<div  class=\"wpb_single_image wpb_content_element vc_align_center   nosotros-image atencion-image\">\n\t\t\n\t\t<figure class=\"wpb_wrapper vc_figure\">\n\t\t\t<div class=\"vc_single_image-wrapper   vc_box_border_grey\"><img loading=\"lazy\" decoding=\"async\" width=\"960\" height=\"640\" src=\"https:\/\/hogarortigosa.org\/wp-content\/uploads\/2025\/01\/MonicaOdriozola.jpeg\" class=\"vc_single_image-img attachment-full\" alt=\"\" srcset=\"https:\/\/hogarortigosa.org\/wp-content\/uploads\/2025\/01\/MonicaOdriozola.jpeg 960w, https:\/\/hogarortigosa.org\/wp-content\/uploads\/2025\/01\/MonicaOdriozola-300x200.jpeg 300w, https:\/\/hogarortigosa.org\/wp-content\/uploads\/2025\/01\/MonicaOdriozola-768x512.jpeg 768w\" sizes=\"auto, (max-width: 960px) 100vw, 960px\" \/><\/div>\n\t\t<\/figure>\n\t<\/div>\n<\/div><\/div><\/div><div class=\"wpb_column vc_column_container vc_col-sm-6\"><div class=\"vc_column-inner\"><div class=\"wpb_wrapper\">\n\t<div class=\"wpb_text_column wpb_content_element  vc_custom_1737931718562\" >\n\t\t<div class=\"wpb_wrapper\">\n\t\t\t<div class=\"acerca-text mision-text patronato-text\">\n<h3>President of the Board of Trustees<\/h3>\n<p>M\u00f3nica Odriozola Canales<\/p>\n<h3>Secretary<\/h3>\n<p>Eduardo Garza Garza<\/p>\n<h3>Treasurer<\/h3>\n<p>Gonzalo Rangel Vargas\n<\/p><\/div>\n\n\t\t<\/div>\n\t<\/div>\n<\/div><\/div><\/div><\/div><div class=\"vc_row-full-width vc_clearfix\"><\/div><div id=\"cambio-section\" data-vc-full-width=\"true\" data-vc-full-width-init=\"false\" class=\"vc_row wpb_row vc_row-fluid vc_custom_1737993238829 vc_row-has-fill\"><div class=\"wpb_column vc_column_container vc_col-sm-12\"><div class=\"vc_column-inner vc_custom_1511844595139\"><div class=\"wpb_wrapper\"><div class=\"vc_row wpb_row vc_inner vc_row-fluid vc_row-o-equal-height vc_row-flex\"><div class=\"wpb_column vc_column_container vc_col-sm-12\"><div class=\"vc_column-inner vc_custom_1588010715307\"><div class=\"wpb_wrapper\"><h2 style=\"text-align: center\" class=\"vc_custom_heading vc_custom_1737931353866\" >Vowels<\/h2><\/div><\/div><\/div><\/div><div class=\"vc_row wpb_row vc_inner vc_row-fluid vc_row-o-equal-height vc_row-flex\"><div class=\"wpb_column vc_column_container vc_col-sm-4\"><div class=\"vc_column-inner vc_custom_1737931980253\"><div class=\"wpb_wrapper\">\n\t<div class=\"wpb_text_column wpb_content_element  vc_custom_1737931993803\" >\n\t\t<div class=\"wpb_wrapper\">\n\t\t\t<div class=\"nosotros-text\">\n<ul>\n<li>Adriana Luc\u00eda Miguel Aldape<\/li>\n<li>Alejandra Isabel G\u00f3mez Camero<\/li>\n<li>Beryl Medina Guti\u00e9rrez<\/li>\n<li>Cecilia Chapa Lobo<\/li>\n<li>David Manuel Guti\u00e9rrez Muguerza<\/li>\n<li>Daniela Fern\u00e1ndez Garza Lag\u00fcera<\/li>\n<\/ul>\n<\/div>\n\n\t\t<\/div>\n\t<\/div>\n<\/div><\/div><\/div><div class=\"wpb_column vc_column_container vc_col-sm-4\"><div class=\"vc_column-inner vc_custom_1737931973995\"><div class=\"wpb_wrapper\">\n\t<div class=\"wpb_text_column wpb_content_element  vc_custom_1737932009463\" >\n\t\t<div class=\"wpb_wrapper\">\n\t\t\t<div class=\"nosotros-text\">\n<ul>\n<li>Emilio Jes\u00fas Marcos Charur<\/li>\n<li>Ignacio De Zamacona De Le\u00f3n<\/li>\n<li>Jos\u00e9 Rodrigo P\u00e9rez Mart\u00ednez<\/li>\n<li>Josemanuel Guti\u00e9rrez Troncoso<\/li>\n<li>Karin Zambrano Ibarra<\/li>\n<li>Luc\u00eda Patricia Lozano Mart\u00ednez<\/li>\n<\/ul>\n<\/div>\n\n\t\t<\/div>\n\t<\/div>\n<\/div><\/div><\/div><div class=\"wpb_column vc_column_container vc_col-sm-4\"><div class=\"vc_column-inner vc_custom_1737931985842\"><div class=\"wpb_wrapper\">\n\t<div class=\"wpb_text_column wpb_content_element  vc_custom_1737932015778\" >\n\t\t<div class=\"wpb_wrapper\">\n\t\t\t<div class=\"nosotros-text\">\n<ul>\n<li>Marcelo Mel\u00e9ndez Ru\u00edz<\/li>\n<li>Margarita Blanca Zambrano G\u00e1mez<\/li>\n<li>Mar\u00eda de los \u00c1ngeles Zambrano Garza<\/li>\n<li>Mariana Garza Lag\u00fcera Gonda<\/li>\n<li>Patricio Garza Garza<\/li>\n<li>V\u00edctor Mauricio D\u00edaz Rend\u00f3n<\/li>\n<\/ul>\n<\/div>\n\n\t\t<\/div>\n\t<\/div>\n<\/div><\/div><\/div><\/div><\/div><\/div><\/div><\/div><div class=\"vc_row-full-width vc_clearfix\"><\/div>","protected":false},"excerpt":{"rendered":"PATRONATO Presidenta del Patronato M\u00f3nica Odriozola Canales Secretario Eduardo Garza Garza Tesorero Gonzalo Rangel Vargas Vocales Adriana Luc\u00eda Miguel Aldape Alejandra Isabel G\u00f3mez Camero Beryl Medina Guti\u00e9rrez Cecilia Chapa Lobo David Manuel Guti\u00e9rrez Muguerza Daniela Fern\u00e1ndez Garza Lag\u00fcera Emilio Jes\u00fas Marcos Charur Ignacio De Zamacona De Le\u00f3n Jos\u00e9 Rodrigo P\u00e9rez Mart\u00ednez Josemanuel Guti\u00e9rrez Troncoso Karin [...]","protected":false},"author":1,"featured_media":0,"parent":0,"menu_order":0,"comment_status":"closed","ping_status":"closed","template":"","meta":{"footnotes":""},"class_list":["post-8220","page","type-page","status-publish","hentry"],"_links":{"self":[{"href":"https:\/\/hogarortigosa.org\/en\/wp-json\/wp\/v2\/pages\/8220","targetHints":{"allow":["GET"]}}],"collection":[{"href":"https:\/\/hogarortigosa.org\/en\/wp-json\/wp\/v2\/pages"}],"about":[{"href":"https:\/\/hogarortigosa.org\/en\/wp-json\/wp\/v2\/types\/page"}],"author":[{"embeddable":true,"href":"https:\/\/hogarortigosa.org\/en\/wp-json\/wp\/v2\/users\/1"}],"replies":[{"embeddable":true,"href":"https:\/\/hogarortigosa.org\/en\/wp-json\/wp\/v2\/comments?post=8220"}],"version-history":[{"count":16,"href":"https:\/\/hogarortigosa.org\/en\/wp-json\/wp\/v2\/pages\/8220\/revisions"}],"predecessor-version":[{"id":9083,"href":"https:\/\/hogarortigosa.org\/en\/wp-json\/wp\/v2\/pages\/8220\/revisions\/9083"}],"wp:attachment":[{"href":"https:\/\/hogarortigosa.org\/en\/wp-json\/wp\/v2\/media?parent=8220"}],"curies":[{"name":"wp","href":"https:\/\/api.w.org\/{rel}","templated":true}]}}