{"id":7260,"date":"2020-05-05T14:00:58","date_gmt":"2020-05-05T14:00:58","guid":{"rendered":"https:\/\/hogarortigosa.org\/?page_id=7260"},"modified":"2025-11-06T18:59:07","modified_gmt":"2025-11-06T18:59:07","slug":"plan-de-formacion","status":"publish","type":"page","link":"https:\/\/hogarortigosa.org\/en\/plan-de-formacion\/","title":{"rendered":"Training Plan"},"content":{"rendered":"<div data-vc-full-width=\"true\" data-vc-full-width-init=\"false\" data-vc-stretch-content=\"true\" class=\"vc_row wpb_row vc_row-fluid breadcumb vc_custom_1592796688313 vc_row-no-padding\"><div class=\"wpb_column vc_column_container vc_col-sm-12\"><div class=\"vc_column-inner vc_custom_1511844595139\"><div class=\"wpb_wrapper\">\n\t<div  class=\"wpb_single_image wpb_content_element vc_align_center   logotipos-header\">\n\t\t\n\t\t<figure class=\"wpb_wrapper vc_figure\">\n\t\t\t<div class=\"vc_single_image-wrapper   vc_box_border_grey\"><img loading=\"lazy\" decoding=\"async\" width=\"2000\" height=\"585\" src=\"https:\/\/hogarortigosa.org\/wp-content\/uploads\/2025\/11\/contacto.jpg\" class=\"vc_single_image-img attachment-full\" alt=\"\" srcset=\"https:\/\/hogarortigosa.org\/wp-content\/uploads\/2025\/11\/contacto.jpg 2000w, https:\/\/hogarortigosa.org\/wp-content\/uploads\/2025\/11\/contacto-300x88.jpg 300w, https:\/\/hogarortigosa.org\/wp-content\/uploads\/2025\/11\/contacto-1024x300.jpg 1024w, https:\/\/hogarortigosa.org\/wp-content\/uploads\/2025\/11\/contacto-768x225.jpg 768w, https:\/\/hogarortigosa.org\/wp-content\/uploads\/2025\/11\/contacto-1536x449.jpg 1536w, https:\/\/hogarortigosa.org\/wp-content\/uploads\/2025\/11\/contacto-18x5.jpg 18w, https:\/\/hogarortigosa.org\/wp-content\/uploads\/2025\/11\/contacto-600x176.jpg 600w\" sizes=\"auto, (max-width: 2000px) 100vw, 2000px\" \/><\/div>\n\t\t<\/figure>\n\t<\/div>\n<h5 style=\"font-size: 70px;color: #27005d;text-align: center\" class=\"vc_custom_heading vc_custom_1756837167916\" >FORMATION PLAN<\/h5><\/div><\/div><\/div><\/div><div class=\"vc_row-full-width vc_clearfix\"><\/div><div id=\"modelo-section\" data-vc-full-width=\"true\" data-vc-full-width-init=\"false\" class=\"vc_row wpb_row vc_row-fluid vc_custom_1590165699782 vc_row-has-fill vc_row-o-equal-height vc_row-o-content-middle vc_row-flex\"><div class=\"wpb_column vc_column_container vc_col-sm-12\"><div class=\"vc_column-inner vc_custom_1511844595139\"><div class=\"wpb_wrapper\"><h2 style=\"text-align: center\" class=\"vc_custom_heading vc_custom_1758152832899\" >Intervention Model<\/h2>\n\t<div class=\"wpb_text_column wpb_content_element  vc_custom_1591643559235\" >\n\t\t<div class=\"wpb_wrapper\">\n\t\t\t<div class=\"nosotros-text\">\n<p>The programs and plans of the Ortigosa Care Model encompass the physical, psychosocial, academic, and transcendent dimensions of the individual, promoting the development of habits, values, critical thinking and learning skills, among other aspects, which are then passed on to their families and surroundings.\n<\/p><\/div>\n\n\t\t<\/div>\n\t<\/div>\n\n\t<div  class=\"wpb_single_image wpb_content_element vc_align_center   nosotros-image atencion-image\">\n\t\t\n\t\t<figure class=\"wpb_wrapper vc_figure\">\n\t\t\t<div class=\"vc_single_image-wrapper   vc_box_border_grey\"><img loading=\"lazy\" decoding=\"async\" width=\"1092\" height=\"1264\" src=\"https:\/\/hogarortigosa.org\/wp-content\/uploads\/2025\/11\/modelo-atencion-en.png\" class=\"vc_single_image-img attachment-full\" alt=\"\" srcset=\"https:\/\/hogarortigosa.org\/wp-content\/uploads\/2025\/11\/modelo-atencion-en.png 1092w, https:\/\/hogarortigosa.org\/wp-content\/uploads\/2025\/11\/modelo-atencion-en-259x300.png 259w, https:\/\/hogarortigosa.org\/wp-content\/uploads\/2025\/11\/modelo-atencion-en-885x1024.png 885w, https:\/\/hogarortigosa.org\/wp-content\/uploads\/2025\/11\/modelo-atencion-en-768x889.png 768w, https:\/\/hogarortigosa.org\/wp-content\/uploads\/2025\/11\/modelo-atencion-en-10x12.png 10w, https:\/\/hogarortigosa.org\/wp-content\/uploads\/2025\/11\/modelo-atencion-en-600x695.png 600w\" sizes=\"auto, (max-width: 1092px) 100vw, 1092px\" \/><\/div>\n\t\t<\/figure>\n\t<\/div>\n<\/div><\/div><\/div><\/div><div class=\"vc_row-full-width vc_clearfix\"><\/div><div id=\"cambio-section\" data-vc-full-width=\"true\" data-vc-full-width-init=\"false\" class=\"vc_row wpb_row vc_row-fluid vc_custom_1590493532492 vc_row-has-fill\"><div class=\"wpb_column vc_column_container vc_col-sm-12\"><div class=\"vc_column-inner vc_custom_1511844595139\"><div class=\"wpb_wrapper\"><div class=\"vc_row wpb_row vc_inner vc_row-fluid vc_row-o-equal-height vc_row-flex\"><div class=\"wpb_column vc_column_container vc_col-sm-12\"><div class=\"vc_column-inner vc_custom_1588010715307\"><div class=\"wpb_wrapper\"><h2 style=\"text-align: center\" class=\"vc_custom_heading vc_custom_1590493544815\" >Theory of Change<\/h2>\n\t<div class=\"wpb_text_column wpb_content_element  vc_custom_1591190153944\" >\n\t\t<div class=\"wpb_wrapper\">\n\t\t\t<div class=\"nosotros-text\">\n<p style=\"text-align: center;\">At Le\u00f3n Ortigosa ABP, we seek to provide our children, adolescents, and young people with the tools to strengthen their personalities. In addition to academic skills, they also reinforce their values, enabling them to develop into individuals who can bring about change in their families and, consequently, in society.<\/p>\n<\/div>\n\n\t\t<\/div>\n\t<\/div>\n\n\t<div  class=\"wpb_single_image wpb_content_element vc_align_center  vc_custom_1724953184347  cambio-image\">\n\t\t\n\t\t<figure class=\"wpb_wrapper vc_figure\">\n\t\t\t<div class=\"vc_single_image-wrapper   vc_box_border_grey\"><img loading=\"lazy\" decoding=\"async\" width=\"6282\" height=\"4167\" src=\"https:\/\/hogarortigosa.org\/wp-content\/uploads\/2025\/11\/TEORIA-DEL-CAMBIO-EN-scaled.png\" class=\"vc_single_image-img attachment-full\" alt=\"\" srcset=\"https:\/\/hogarortigosa.org\/wp-content\/uploads\/2025\/11\/TEORIA-DEL-CAMBIO-EN-scaled.png 2560w, https:\/\/hogarortigosa.org\/wp-content\/uploads\/2025\/11\/TEORIA-DEL-CAMBIO-EN-300x199.png 300w, https:\/\/hogarortigosa.org\/wp-content\/uploads\/2025\/11\/TEORIA-DEL-CAMBIO-EN-1024x679.png 1024w, https:\/\/hogarortigosa.org\/wp-content\/uploads\/2025\/11\/TEORIA-DEL-CAMBIO-EN-768x510.png 768w, https:\/\/hogarortigosa.org\/wp-content\/uploads\/2025\/11\/TEORIA-DEL-CAMBIO-EN-1536x1019.png 1536w, https:\/\/hogarortigosa.org\/wp-content\/uploads\/2025\/11\/TEORIA-DEL-CAMBIO-EN-2048x1359.png 2048w, https:\/\/hogarortigosa.org\/wp-content\/uploads\/2025\/11\/TEORIA-DEL-CAMBIO-EN-18x12.png 18w, https:\/\/hogarortigosa.org\/wp-content\/uploads\/2025\/11\/TEORIA-DEL-CAMBIO-EN-600x398.png 600w\" sizes=\"auto, (max-width: 6282px) 100vw, 6282px\" \/><\/div>\n\t\t<\/figure>\n\t<\/div>\n<\/div><\/div><\/div><\/div><\/div><\/div><\/div><\/div><div class=\"vc_row-full-width vc_clearfix\"><\/div><div data-vc-full-width=\"true\" data-vc-full-width-init=\"false\" class=\"vc_row wpb_row vc_row-fluid vc_custom_1590493870289 vc_row-has-fill\"><div class=\"wpb_column vc_column_container vc_col-sm-12\"><div class=\"vc_column-inner vc_custom_1511844595139\"><div class=\"wpb_wrapper\"><div class=\"vc_row wpb_row vc_inner vc_row-fluid vc_row-o-equal-height vc_row-flex\"><div class=\"wpb_column vc_column_container vc_col-sm-12\"><div class=\"vc_column-inner vc_custom_1588010715307\"><div class=\"wpb_wrapper\"><h2 style=\"text-align: center\" class=\"vc_custom_heading vc_custom_1588687140048\" >Barren Formation<\/h2>\n\t<div  class=\"wpb_single_image wpb_content_element vc_align_center  vc_custom_1724953201814  yermista-image\">\n\t\t\n\t\t<figure class=\"wpb_wrapper vc_figure\">\n\t\t\t<div class=\"vc_single_image-wrapper   vc_box_border_grey\"><img loading=\"lazy\" decoding=\"async\" width=\"2577\" height=\"2833\" src=\"https:\/\/hogarortigosa.org\/wp-content\/uploads\/2025\/11\/FORMACION_YERMISTA-EN.png\" class=\"vc_single_image-img attachment-full\" alt=\"\" srcset=\"https:\/\/hogarortigosa.org\/wp-content\/uploads\/2025\/11\/FORMACION_YERMISTA-EN.png 1460w, https:\/\/hogarortigosa.org\/wp-content\/uploads\/2025\/11\/FORMACION_YERMISTA-EN-291x300.png 291w, https:\/\/hogarortigosa.org\/wp-content\/uploads\/2025\/11\/FORMACION_YERMISTA-EN-992x1024.png 992w, https:\/\/hogarortigosa.org\/wp-content\/uploads\/2025\/11\/FORMACION_YERMISTA-EN-768x793.png 768w, https:\/\/hogarortigosa.org\/wp-content\/uploads\/2025\/11\/FORMACION_YERMISTA-EN-12x12.png 12w, https:\/\/hogarortigosa.org\/wp-content\/uploads\/2025\/11\/FORMACION_YERMISTA-EN-600x619.png 600w\" sizes=\"auto, (max-width: 2577px) 100vw, 2577px\" \/><\/div>\n\t\t<\/figure>\n\t<\/div>\n<\/div><\/div><\/div><\/div><\/div><\/div><\/div><\/div><div class=\"vc_row-full-width vc_clearfix\"><\/div><div id=\"admisiones-section\" data-vc-full-width=\"true\" data-vc-full-width-init=\"false\" class=\"vc_row wpb_row vc_row-fluid vc_custom_1590493884052 vc_row-has-fill\"><div class=\"wpb_column vc_column_container vc_col-sm-12\"><div class=\"vc_column-inner vc_custom_1511844595139\"><div class=\"wpb_wrapper\"><div class=\"vc_row wpb_row vc_inner vc_row-fluid vc_row-o-equal-height vc_row-flex\"><div class=\"wpb_column vc_column_container vc_col-sm-12\"><div class=\"vc_column-inner vc_custom_1588010715307\"><div class=\"wpb_wrapper\"><h2 style=\"text-align: center\" class=\"vc_custom_heading vc_custom_1589238020477\" >Admissions<\/h2><div class=\"vc_empty_space\"   style=\"height: 43px\"><span class=\"vc_empty_space_inner\"><\/span><\/div><\/div><\/div><\/div><\/div><div class=\"vc_row wpb_row vc_inner vc_row-fluid vc_row-o-equal-height vc_row-flex\"><div class=\"wpb_column vc_column_container vc_col-sm-3\"><div class=\"vc_column-inner\"><div class=\"wpb_wrapper\">\n\t<div  class=\"wpb_single_image wpb_content_element vc_align_center\">\n\t\t\n\t\t<figure class=\"wpb_wrapper vc_figure\">\n\t\t\t<div class=\"vc_single_image-wrapper   vc_box_border_grey\"><img loading=\"lazy\" decoding=\"async\" width=\"411\" height=\"677\" src=\"https:\/\/hogarortigosa.org\/wp-content\/uploads\/2024\/08\/perfildeingreso-1.png\" class=\"vc_single_image-img attachment-full\" alt=\"\" srcset=\"https:\/\/hogarortigosa.org\/wp-content\/uploads\/2024\/08\/perfildeingreso-1.png 411w, https:\/\/hogarortigosa.org\/wp-content\/uploads\/2024\/08\/perfildeingreso-1-182x300.png 182w\" sizes=\"auto, (max-width: 411px) 100vw, 411px\" \/><\/div>\n\t\t<\/figure>\n\t<\/div>\n\r<!-- rt-button2 -->\r<div class=\"rt-button2 element-two hover-style-one ex5579f03f410106e  sofias-btn requisitos-btn\" id=\"admisiones-sofias-btn\" data-button-direction=\"center\" data-button-fullwidth=\"false\" >SEE REQUIREMENTS<\/div>\r<!-- rt-button2 -->\r<\/div><\/div><\/div><div class=\"escuela-column wpb_column vc_column_container vc_col-sm-3\"><div class=\"vc_column-inner\"><div class=\"wpb_wrapper\">\n\t<div  class=\"wpb_single_image wpb_content_element vc_align_center\">\n\t\t\n\t\t<figure class=\"wpb_wrapper vc_figure\">\n\t\t\t<div class=\"vc_single_image-wrapper   vc_box_border_grey\"><img loading=\"lazy\" decoding=\"async\" width=\"411\" height=\"677\" src=\"https:\/\/hogarortigosa.org\/wp-content\/uploads\/2020\/05\/casa-hogar.png\" class=\"vc_single_image-img attachment-full\" alt=\"\" srcset=\"https:\/\/hogarortigosa.org\/wp-content\/uploads\/2020\/05\/casa-hogar.png 411w, https:\/\/hogarortigosa.org\/wp-content\/uploads\/2020\/05\/casa-hogar-182x300.png 182w\" sizes=\"auto, (max-width: 411px) 100vw, 411px\" \/><\/div>\n\t\t<\/figure>\n\t<\/div>\n\r<!-- rt-button2 -->\r<div class=\"rt-button2 element-two hover-style-one ex1016f87a28bb06c  hogar-btn requisitos-btn\" id=\"admisiones-hogar-btn\" data-button-direction=\"center\" data-button-fullwidth=\"false\" >SEE REQUIREMENTS<\/div>\r<!-- rt-button2 -->\r<\/div><\/div><\/div><div class=\"wpb_column vc_column_container vc_col-sm-3\" id=\"perfilcolegio\"><div class=\"vc_column-inner\"><div class=\"wpb_wrapper\">\n\t<div id=\"perfilcolegio\" class=\"wpb_single_image wpb_content_element vc_align_center\">\n\t\t\n\t\t<figure class=\"wpb_wrapper vc_figure\">\n\t\t\t<div class=\"vc_single_image-wrapper   vc_box_border_grey\"><img loading=\"lazy\" decoding=\"async\" width=\"476\" height=\"677\" src=\"https:\/\/hogarortigosa.org\/wp-content\/uploads\/2024\/08\/perfilingresocolegio2.png\" class=\"vc_single_image-img attachment-full\" alt=\"\" srcset=\"https:\/\/hogarortigosa.org\/wp-content\/uploads\/2024\/08\/perfilingresocolegio2.png 476w, https:\/\/hogarortigosa.org\/wp-content\/uploads\/2024\/08\/perfilingresocolegio2-211x300.png 211w\" sizes=\"auto, (max-width: 476px) 100vw, 476px\" \/><\/div>\n\t\t<\/figure>\n\t<\/div>\n\r<!-- rt-button2 -->\r<div class=\"rt-button2 element-two hover-style-one exf6e46742d379180  perfilcolegio-btn requisitos-btn\" id=\"admisiones-perfilcolegio-btn\" data-button-direction=\"center\" data-button-fullwidth=\"false\" >SEE REQUIREMENTS<\/div>\r<!-- rt-button2 -->\r<\/div><\/div><\/div><div class=\"wpb_column vc_column_container vc_col-sm-3\"><div class=\"vc_column-inner\"><div class=\"wpb_wrapper\">\n\t<div  class=\"wpb_single_image wpb_content_element vc_align_center\">\n\t\t\n\t\t<figure class=\"wpb_wrapper vc_figure\">\n\t\t\t<div class=\"vc_single_image-wrapper   vc_box_border_grey\"><img loading=\"lazy\" decoding=\"async\" width=\"411\" height=\"677\" src=\"https:\/\/hogarortigosa.org\/wp-content\/uploads\/2020\/05\/boton_colegio-1.png\" class=\"vc_single_image-img attachment-full\" alt=\"\" srcset=\"https:\/\/hogarortigosa.org\/wp-content\/uploads\/2020\/05\/boton_colegio-1.png 411w, https:\/\/hogarortigosa.org\/wp-content\/uploads\/2020\/05\/boton_colegio-1-182x300.png 182w\" sizes=\"auto, (max-width: 411px) 100vw, 411px\" \/><\/div>\n\t\t<\/figure>\n\t<\/div>\n\r<!-- rt-button2 -->\r<div class=\"rt-button2 element-two hover-style-one ex9f6bd6b36d35f3e  escuela-btn requisitos-btn\" id=\"admisiones-escuela-btn\" data-button-direction=\"center\" data-button-fullwidth=\"false\" >SEE REQUIREMENTS<\/div>\r<!-- rt-button2 -->\r<\/div><\/div><\/div><\/div><\/div><\/div><\/div><\/div><div class=\"vc_row-full-width vc_clearfix\"><\/div>","protected":false},"excerpt":{"rendered":"PLAN DE FORMACI\u00d3NModelo de Intervenci\u00f3n Los programas y planes del Modelo de Atenci\u00f3n Ortigosa abarcan las dimensiones f\u00edsica, psicosocial, acad\u00e9mica y trascendente de la persona, por medio de los cuales se promueve el desarrollo de h\u00e1bitos, valores, capacidades de pensamiento cr\u00edtico y de aprendizaje, entre otros aspectos que son transmitidos a sus familias y entorno. [...]","protected":false},"author":1,"featured_media":0,"parent":0,"menu_order":0,"comment_status":"closed","ping_status":"closed","template":"","meta":{"footnotes":""},"class_list":["post-7260","page","type-page","status-publish","hentry"],"_links":{"self":[{"href":"https:\/\/hogarortigosa.org\/en\/wp-json\/wp\/v2\/pages\/7260","targetHints":{"allow":["GET"]}}],"collection":[{"href":"https:\/\/hogarortigosa.org\/en\/wp-json\/wp\/v2\/pages"}],"about":[{"href":"https:\/\/hogarortigosa.org\/en\/wp-json\/wp\/v2\/types\/page"}],"author":[{"embeddable":true,"href":"https:\/\/hogarortigosa.org\/en\/wp-json\/wp\/v2\/users\/1"}],"replies":[{"embeddable":true,"href":"https:\/\/hogarortigosa.org\/en\/wp-json\/wp\/v2\/comments?post=7260"}],"version-history":[{"count":68,"href":"https:\/\/hogarortigosa.org\/en\/wp-json\/wp\/v2\/pages\/7260\/revisions"}],"predecessor-version":[{"id":9079,"href":"https:\/\/hogarortigosa.org\/en\/wp-json\/wp\/v2\/pages\/7260\/revisions\/9079"}],"wp:attachment":[{"href":"https:\/\/hogarortigosa.org\/en\/wp-json\/wp\/v2\/media?parent=7260"}],"curies":[{"name":"wp","href":"https:\/\/api.w.org\/{rel}","templated":true}]}}